{"id":5803,"date":"2020-03-27T15:22:38","date_gmt":"2020-03-27T20:22:38","guid":{"rendered":"http:\/\/www2.shsdc.org\/?page_id=5803"},"modified":"2020-10-14T15:32:14","modified_gmt":"2020-10-14T20:32:14","slug":"video-visits","status":"publish","type":"page","link":"http:\/\/www2.shsdc.org\/es\/home\/video-visits\/","title":{"rendered":"Visitas de video"},"content":{"rendered":"<div class='grid-row clearfix'><div class='grid-col grid-col-12'><section class='cws-widget'><div class='widget-title'>Visitas por video: atenci\u00f3n m\u00e9dica remota<\/div><section class='cws_widget_content'>\n<h1 style=\"font-size: 150%; line-height: 150%;\">Shawnee Health Service ahora ofrece <strong>Visitas de video<\/strong>, mediante <strong>Zoom<\/strong> (una aplicaci\u00f3n gratuita), para citas de pacientes con nuestros proveedores.<br \/>\nLlame al (618) 519-9200 para comenzar.<\/h1>\n<p class=\"top-space\" style=\"font-size: 120%;\">Para prepararse para su visita remota, necesitar\u00e1:<\/p>\n<ul class=\"top-space\">\n<li><strong>acceso a Internet<\/strong><\/li>\n<li>un confiable, de f\u00e1cil acceso <strong>cuenta de correo electr\u00f3nico<\/strong><\/li>\n<li><strong>Acceso al zoom<\/strong> a trav\u00e9s de una aplicaci\u00f3n en su tel\u00e9fono inteligente (recomendado) u otro dispositivo m\u00f3vil, oa trav\u00e9s de un navegador como Chrome en su computadora<\/li>\n<li><strong>c\u00e1mara de internet<\/strong> (generalmente integrado en su tel\u00e9fono inteligente u otro dispositivo, aseg\u00farese de que su c\u00e1mara est\u00e9 encendida y habilitada)<\/li>\n<li><strong>audio \/ micr\u00f3fono de internet<\/strong> (generalmente integrado en su tel\u00e9fono inteligente u otro dispositivo)<br \/>\n<strong>O<\/strong> ten tu <strong>tel\u00e9fono<\/strong> cerca para llamar a la visita<\/li>\n<\/ul>\n<p>&nbsp;<\/p>\n<p class=\"top-space\" style=\"font-size: 120%;\">Elementos que ser\u00eda \u00fatil tener:<\/p>\n<ul class=\"top-space\">\n<li><strong>term\u00f3metro<\/strong><\/li>\n<li><strong>escala<\/strong> para controlar tu peso<\/li>\n<li><strong>una forma de controlar su presi\u00f3n arterial<\/strong> (muchos rastreadores de fitness pueden hacer esto)<\/li>\n<\/ul>\n<\/section><\/section><section class='cws-widget'><div class='widget-title'>Descargando Zoom a su dispositivo m\u00f3vil:<\/div><section class='cws_widget_content'>\n<ul>\n<li>Para los productos Apple \/ iPhone, la App Store es un icono azul con palitos de helado en forma de letra &quot;A&quot;.<br \/>\n<img decoding=\"async\" class=\"alignnone size-full wp-image-5811\" src=\"\/wp-content\/uploads\/2020\/03\/app-store-icon-sm.jpg\" alt=\"Icono de Apple Store\" width=\"100\" height=\"100\" srcset=\"https:\/\/www2.shsdc.org\/wp-content\/uploads\/2020\/03\/app-store-icon-sm.jpg 100w, https:\/\/www2.shsdc.org\/wp-content\/uploads\/2020\/03\/app-store-icon-sm-300x300.jpg 300w, https:\/\/www2.shsdc.org\/wp-content\/uploads\/2020\/03\/app-store-icon-sm-1024x1024.jpg 1024w, https:\/\/www2.shsdc.org\/wp-content\/uploads\/2020\/03\/app-store-icon-sm-150x150.jpg 150w, https:\/\/www2.shsdc.org\/wp-content\/uploads\/2020\/03\/app-store-icon-sm-768x768.jpg 768w, https:\/\/www2.shsdc.org\/wp-content\/uploads\/2020\/03\/app-store-icon-sm-16x16.jpg 16w, https:\/\/www2.shsdc.org\/wp-content\/uploads\/2020\/03\/app-store-icon-sm-32x32.jpg 32w, https:\/\/www2.shsdc.org\/wp-content\/uploads\/2020\/03\/app-store-icon-sm-48x48.jpg 48w, https:\/\/www2.shsdc.org\/wp-content\/uploads\/2020\/03\/app-store-icon-sm-1536x1536.jpg 1536w, https:\/\/www2.shsdc.org\/wp-content\/uploads\/2020\/03\/app-store-icon-sm-2048x2048.jpg 2048w, https:\/\/www2.shsdc.org\/wp-content\/uploads\/2020\/03\/app-store-icon-sm-230x230.jpg 230w, https:\/\/www2.shsdc.org\/wp-content\/uploads\/2020\/03\/app-store-icon-sm-50x50.jpg 50w, https:\/\/www2.shsdc.org\/wp-content\/uploads\/2020\/03\/app-store-icon-sm-125x125.jpg 125w, https:\/\/www2.shsdc.org\/wp-content\/uploads\/2020\/03\/app-store-icon-sm-250x250.jpg 250w\" sizes=\"(max-width: 100px) 100vw, 100px\" \/><\/li>\n<li>Para los dispositivos Android, la aplicaci\u00f3n Google Play es azul, roja, verde y naranja y se parece al bot\u00f3n &quot;reproducir&quot; de una radio, est\u00e9reo, reproductor de DVD, etc.<br \/>\n<img decoding=\"async\" class=\"alignnone size-full wp-image-5812\" src=\"\/wp-content\/uploads\/2020\/03\/Google-Play-Logo-sm.jpg\" alt=\"Icono de Google Play\" width=\"100\" height=\"100\" srcset=\"https:\/\/www2.shsdc.org\/wp-content\/uploads\/2020\/03\/Google-Play-Logo-sm.jpg 100w, https:\/\/www2.shsdc.org\/wp-content\/uploads\/2020\/03\/Google-Play-Logo-sm-300x300.jpg 300w, https:\/\/www2.shsdc.org\/wp-content\/uploads\/2020\/03\/Google-Play-Logo-sm-1024x1024.jpg 1024w, https:\/\/www2.shsdc.org\/wp-content\/uploads\/2020\/03\/Google-Play-Logo-sm-150x150.jpg 150w, https:\/\/www2.shsdc.org\/wp-content\/uploads\/2020\/03\/Google-Play-Logo-sm-768x768.jpg 768w, https:\/\/www2.shsdc.org\/wp-content\/uploads\/2020\/03\/Google-Play-Logo-sm-16x16.jpg 16w, https:\/\/www2.shsdc.org\/wp-content\/uploads\/2020\/03\/Google-Play-Logo-sm-32x32.jpg 32w, https:\/\/www2.shsdc.org\/wp-content\/uploads\/2020\/03\/Google-Play-Logo-sm-48x48.jpg 48w, https:\/\/www2.shsdc.org\/wp-content\/uploads\/2020\/03\/Google-Play-Logo-sm-1536x1536.jpg 1536w, https:\/\/www2.shsdc.org\/wp-content\/uploads\/2020\/03\/Google-Play-Logo-sm-2048x2048.jpg 2048w, https:\/\/www2.shsdc.org\/wp-content\/uploads\/2020\/03\/Google-Play-Logo-sm-230x230.jpg 230w, https:\/\/www2.shsdc.org\/wp-content\/uploads\/2020\/03\/Google-Play-Logo-sm-50x50.jpg 50w, https:\/\/www2.shsdc.org\/wp-content\/uploads\/2020\/03\/Google-Play-Logo-sm-125x125.jpg 125w, https:\/\/www2.shsdc.org\/wp-content\/uploads\/2020\/03\/Google-Play-Logo-sm-250x250.jpg 250w\" sizes=\"(max-width: 100px) 100vw, 100px\" \/><\/li>\n<li>Ingrese zoom en el cuadro de b\u00fasqueda y descargue la aplicaci\u00f3n gratuita.<\/li>\n<li>El icono de la aplicaci\u00f3n Zoom deber\u00eda verse as\u00ed:<br \/>\n<img decoding=\"async\" class=\"alignnone size-full wp-image-5813\" src=\"\/wp-content\/uploads\/2020\/03\/Zoom-App-Icon-sq-sm.png\" alt=\"Icono de la aplicaci\u00f3n Zoom\" width=\"100\" height=\"100\" srcset=\"https:\/\/www2.shsdc.org\/wp-content\/uploads\/2020\/03\/Zoom-App-Icon-sq-sm.png 100w, https:\/\/www2.shsdc.org\/wp-content\/uploads\/2020\/03\/Zoom-App-Icon-sq-sm-300x300.png 300w, https:\/\/www2.shsdc.org\/wp-content\/uploads\/2020\/03\/Zoom-App-Icon-sq-sm-1024x1024.png 1024w, https:\/\/www2.shsdc.org\/wp-content\/uploads\/2020\/03\/Zoom-App-Icon-sq-sm-150x150.png 150w, https:\/\/www2.shsdc.org\/wp-content\/uploads\/2020\/03\/Zoom-App-Icon-sq-sm-768x768.png 768w, https:\/\/www2.shsdc.org\/wp-content\/uploads\/2020\/03\/Zoom-App-Icon-sq-sm-16x16.png 16w, https:\/\/www2.shsdc.org\/wp-content\/uploads\/2020\/03\/Zoom-App-Icon-sq-sm-32x32.png 32w, https:\/\/www2.shsdc.org\/wp-content\/uploads\/2020\/03\/Zoom-App-Icon-sq-sm-48x48.png 48w, https:\/\/www2.shsdc.org\/wp-content\/uploads\/2020\/03\/Zoom-App-Icon-sq-sm-1536x1536.png 1536w, https:\/\/www2.shsdc.org\/wp-content\/uploads\/2020\/03\/Zoom-App-Icon-sq-sm-2048x2048.png 2048w, https:\/\/www2.shsdc.org\/wp-content\/uploads\/2020\/03\/Zoom-App-Icon-sq-sm-230x230.png 230w, https:\/\/www2.shsdc.org\/wp-content\/uploads\/2020\/03\/Zoom-App-Icon-sq-sm-50x50.png 50w, https:\/\/www2.shsdc.org\/wp-content\/uploads\/2020\/03\/Zoom-App-Icon-sq-sm-125x125.png 125w, https:\/\/www2.shsdc.org\/wp-content\/uploads\/2020\/03\/Zoom-App-Icon-sq-sm-250x250.png 250w\" sizes=\"(max-width: 100px) 100vw, 100px\" \/><\/li>\n<\/ul>\n<\/section><\/section><section class='cws-widget'><div class='widget-title'>Inicie su cita:<\/div><section class='cws_widget_content'>\n<ul>\n<li>Abra el correo electr\u00f3nico que le invitamos a la &quot;reuni\u00f3n&quot;:<br \/>\n<img decoding=\"async\" class=\"alignnone size-full wp-image-5810\" src=\"\/wp-content\/uploads\/2020\/03\/Zoom-email-sample-sm.png\" alt=\"Ejemplo de correo electr\u00f3nico\" width=\"288\" height=\"179\" srcset=\"https:\/\/www2.shsdc.org\/wp-content\/uploads\/2020\/03\/Zoom-email-sample-sm.png 288w, https:\/\/www2.shsdc.org\/wp-content\/uploads\/2020\/03\/Zoom-email-sample-sm-768x477.png 768w, https:\/\/www2.shsdc.org\/wp-content\/uploads\/2020\/03\/Zoom-email-sample-sm-100x62.png 100w, https:\/\/www2.shsdc.org\/wp-content\/uploads\/2020\/03\/Zoom-email-sample-sm-230x142.png 230w\" sizes=\"(max-width: 288px) 100vw, 288px\" \/><br \/>\n<strong>Tenga en cuenta el ID de la reuni\u00f3n y la contrase\u00f1a en el correo electr\u00f3nico que se le envi\u00f3.<\/strong><\/li>\n<li>Clic en el enlace.<\/li>\n<li>Zoom se abrir\u00e1 y las instrucciones en pantalla lo guiar\u00e1n para comenzar su video y audio para conectarse con su proveedor.<\/li>\n<\/ul>\n<\/section><\/section><\/div><\/div>","protected":false},"excerpt":{"rendered":"","protected":false},"author":2,"featured_media":0,"parent":1986,"menu_order":0,"comment_status":"closed","ping_status":"closed","template":"","meta":{"_mi_skip_tracking":false,"_monsterinsights_sitenote_active":false,"_monsterinsights_sitenote_note":"","_monsterinsights_sitenote_category":0},"yoast_head":"<!-- This site is optimized with the Yoast SEO Premium plugin v20.12 (Yoast SEO v20.12) - https:\/\/yoast.com\/wordpress\/plugins\/seo\/ -->\n<title>Video Visits &middot; Shawnee Health<\/title>\n<meta name=\"description\" content=\"Shawnee Health Service is now offering Video Visits, through Zoom, for patient appointments with our providers. Call (618) 519-9200 to get started.\" \/>\n<meta name=\"robots\" content=\"index, follow, max-snippet:-1, max-image-preview:large, max-video-preview:-1\" \/>\n<link rel=\"canonical\" href=\"https:\/\/www2.shsdc.org\/es\/home\/video-visits\/\" \/>\n<meta property=\"og:locale\" content=\"es_MX\" \/>\n<meta property=\"og:type\" content=\"article\" \/>\n<meta property=\"og:title\" content=\"Video Visits\" \/>\n<meta property=\"og:description\" content=\"Shawnee Health Service is now offering Video Visits, through Zoom, for patient appointments with our providers. Call (618) 519-9200 to get started.\" \/>\n<meta property=\"og:url\" content=\"https:\/\/www2.shsdc.org\/es\/home\/video-visits\/\" \/>\n<meta property=\"og:site_name\" content=\"Shawnee Health\" \/>\n<meta property=\"article:publisher\" content=\"https:\/\/www.facebook.com\/shawneehealthservice\/\" \/>\n<meta property=\"article:modified_time\" content=\"2020-10-14T20:32:14+00:00\" \/>\n<meta property=\"og:image\" content=\"https:\/\/www2.shsdc.org\/wp-content\/uploads\/2020\/01\/Job-Post-Thumbail-Hug-Only-Blue-e1578932823663.png\" \/>\n\t<meta property=\"og:image:width\" content=\"1200\" \/>\n\t<meta property=\"og:image:height\" content=\"630\" \/>\n\t<meta property=\"og:image:type\" content=\"image\/png\" \/>\n<meta name=\"twitter:card\" content=\"summary_large_image\" \/>\n<meta name=\"twitter:label1\" content=\"Tiempo de lectura\" \/>\n\t<meta name=\"twitter:data1\" content=\"1 minuto\" \/>\n<script type=\"application\/ld+json\" class=\"yoast-schema-graph\">{\"@context\":\"https:\/\/schema.org\",\"@graph\":[{\"@type\":\"WebPage\",\"@id\":\"https:\/\/www2.shsdc.org\/zh\/home\/video-visits\/\",\"url\":\"https:\/\/www2.shsdc.org\/zh\/home\/video-visits\/\",\"name\":\"Video Visits &middot; Shawnee Health\",\"isPartOf\":{\"@id\":\"https:\/\/www2.shsdc.org\/zh\/#website\"},\"datePublished\":\"2020-03-27T20:22:38+00:00\",\"dateModified\":\"2020-10-14T20:32:14+00:00\",\"description\":\"Shawnee Health Service is now offering Video Visits, through Zoom, for patient appointments with our providers. Call (618) 519-9200 to get started.\",\"breadcrumb\":{\"@id\":\"https:\/\/www2.shsdc.org\/zh\/home\/video-visits\/#breadcrumb\"},\"inLanguage\":\"es-MX\",\"potentialAction\":[{\"@type\":\"ReadAction\",\"target\":[\"https:\/\/www2.shsdc.org\/zh\/home\/video-visits\/\"]}]},{\"@type\":\"BreadcrumbList\",\"@id\":\"https:\/\/www2.shsdc.org\/zh\/home\/video-visits\/#breadcrumb\",\"itemListElement\":[{\"@type\":\"ListItem\",\"position\":1,\"name\":\"Home\",\"item\":\"https:\/\/www2.shsdc.org\/zh\/\"},{\"@type\":\"ListItem\",\"position\":2,\"name\":\"Home\",\"item\":\"https:\/\/www2.shsdc.org\/zh\/\"},{\"@type\":\"ListItem\",\"position\":3,\"name\":\"Video Visits\"}]},{\"@type\":\"WebSite\",\"@id\":\"https:\/\/www2.shsdc.org\/zh\/#website\",\"url\":\"https:\/\/www2.shsdc.org\/zh\/\",\"name\":\"Shawnee Health\",\"description\":\"Your Health Home\",\"publisher\":{\"@id\":\"https:\/\/www2.shsdc.org\/zh\/#organization\"},\"potentialAction\":[{\"@type\":\"SearchAction\",\"target\":{\"@type\":\"EntryPoint\",\"urlTemplate\":\"https:\/\/www2.shsdc.org\/zh\/?s={search_term_string}\"},\"query-input\":\"required name=search_term_string\"}],\"inLanguage\":\"es-MX\"},{\"@type\":\"Organization\",\"@id\":\"https:\/\/www2.shsdc.org\/zh\/#organization\",\"name\":\"Shawnee Health Service\",\"url\":\"https:\/\/www2.shsdc.org\/zh\/\",\"logo\":{\"@type\":\"ImageObject\",\"inLanguage\":\"es-MX\",\"@id\":\"https:\/\/www2.shsdc.org\/zh\/#\/schema\/logo\/image\/\",\"url\":\"https:\/\/www2.shsdc.org\/wp-content\/uploads\/2022\/08\/Shawnee-Color-S-e1660838796930.png\",\"contentUrl\":\"https:\/\/www2.shsdc.org\/wp-content\/uploads\/2022\/08\/Shawnee-Color-S-e1660838796930.png\",\"width\":300,\"height\":332,\"caption\":\"Shawnee Health Service\"},\"image\":{\"@id\":\"https:\/\/www2.shsdc.org\/zh\/#\/schema\/logo\/image\/\"},\"sameAs\":[\"https:\/\/www.facebook.com\/shawneehealthservice\/\",\"https:\/\/www.linkedin.com\/company\/shawnee-health-service\/\",\"https:\/\/www.youtube.com\/channel\/UCY7I0On_12NT5noj3PeCg4g\"]}]}<\/script>\n<!-- \/ Yoast SEO Premium plugin. -->","yoast_head_json":{"title":"Video Visits &middot; Shawnee Health","description":"Shawnee Health Service is now offering Video Visits, through Zoom, for patient appointments with our providers. Call (618) 519-9200 to get started.","robots":{"index":"index","follow":"follow","max-snippet":"max-snippet:-1","max-image-preview":"max-image-preview:large","max-video-preview":"max-video-preview:-1"},"canonical":"https:\/\/www2.shsdc.org\/es\/home\/video-visits\/","og_locale":"es_MX","og_type":"article","og_title":"Video Visits","og_description":"Shawnee Health Service is now offering Video Visits, through Zoom, for patient appointments with our providers. Call (618) 519-9200 to get started.","og_url":"https:\/\/www2.shsdc.org\/es\/home\/video-visits\/","og_site_name":"Shawnee Health","article_publisher":"https:\/\/www.facebook.com\/shawneehealthservice\/","article_modified_time":"2020-10-14T20:32:14+00:00","og_image":[{"width":1200,"height":630,"url":"https:\/\/www2.shsdc.org\/wp-content\/uploads\/2020\/01\/Job-Post-Thumbail-Hug-Only-Blue-e1578932823663.png","type":"image\/png"}],"twitter_card":"summary_large_image","twitter_misc":{"Tiempo de lectura":"1 minuto"},"schema":{"@context":"https:\/\/schema.org","@graph":[{"@type":"WebPage","@id":"https:\/\/www2.shsdc.org\/zh\/home\/video-visits\/","url":"https:\/\/www2.shsdc.org\/zh\/home\/video-visits\/","name":"Video Visits &middot; Shawnee Health","isPartOf":{"@id":"https:\/\/www2.shsdc.org\/zh\/#website"},"datePublished":"2020-03-27T20:22:38+00:00","dateModified":"2020-10-14T20:32:14+00:00","description":"Shawnee Health Service is now offering Video Visits, through Zoom, for patient appointments with our providers. Call (618) 519-9200 to get started.","breadcrumb":{"@id":"https:\/\/www2.shsdc.org\/zh\/home\/video-visits\/#breadcrumb"},"inLanguage":"es-MX","potentialAction":[{"@type":"ReadAction","target":["https:\/\/www2.shsdc.org\/zh\/home\/video-visits\/"]}]},{"@type":"BreadcrumbList","@id":"https:\/\/www2.shsdc.org\/zh\/home\/video-visits\/#breadcrumb","itemListElement":[{"@type":"ListItem","position":1,"name":"Home","item":"https:\/\/www2.shsdc.org\/zh\/"},{"@type":"ListItem","position":2,"name":"Home","item":"https:\/\/www2.shsdc.org\/zh\/"},{"@type":"ListItem","position":3,"name":"Video Visits"}]},{"@type":"WebSite","@id":"https:\/\/www2.shsdc.org\/zh\/#website","url":"https:\/\/www2.shsdc.org\/zh\/","name":"Shawnee Health","description":"Your Health Home","publisher":{"@id":"https:\/\/www2.shsdc.org\/zh\/#organization"},"potentialAction":[{"@type":"SearchAction","target":{"@type":"EntryPoint","urlTemplate":"https:\/\/www2.shsdc.org\/zh\/?s={search_term_string}"},"query-input":"required name=search_term_string"}],"inLanguage":"es-MX"},{"@type":"Organization","@id":"https:\/\/www2.shsdc.org\/zh\/#organization","name":"Shawnee Health Service","url":"https:\/\/www2.shsdc.org\/zh\/","logo":{"@type":"ImageObject","inLanguage":"es-MX","@id":"https:\/\/www2.shsdc.org\/zh\/#\/schema\/logo\/image\/","url":"https:\/\/www2.shsdc.org\/wp-content\/uploads\/2022\/08\/Shawnee-Color-S-e1660838796930.png","contentUrl":"https:\/\/www2.shsdc.org\/wp-content\/uploads\/2022\/08\/Shawnee-Color-S-e1660838796930.png","width":300,"height":332,"caption":"Shawnee Health Service"},"image":{"@id":"https:\/\/www2.shsdc.org\/zh\/#\/schema\/logo\/image\/"},"sameAs":["https:\/\/www.facebook.com\/shawneehealthservice\/","https:\/\/www.linkedin.com\/company\/shawnee-health-service\/","https:\/\/www.youtube.com\/channel\/UCY7I0On_12NT5noj3PeCg4g"]}]}},"_links":{"self":[{"href":"http:\/\/www2.shsdc.org\/es\/wp-json\/wp\/v2\/pages\/5803"}],"collection":[{"href":"http:\/\/www2.shsdc.org\/es\/wp-json\/wp\/v2\/pages"}],"about":[{"href":"http:\/\/www2.shsdc.org\/es\/wp-json\/wp\/v2\/types\/page"}],"author":[{"embeddable":true,"href":"http:\/\/www2.shsdc.org\/es\/wp-json\/wp\/v2\/users\/2"}],"replies":[{"embeddable":true,"href":"http:\/\/www2.shsdc.org\/es\/wp-json\/wp\/v2\/comments?post=5803"}],"version-history":[{"count":0,"href":"http:\/\/www2.shsdc.org\/es\/wp-json\/wp\/v2\/pages\/5803\/revisions"}],"up":[{"embeddable":true,"href":"http:\/\/www2.shsdc.org\/es\/wp-json\/wp\/v2\/pages\/1986"}],"wp:attachment":[{"href":"http:\/\/www2.shsdc.org\/es\/wp-json\/wp\/v2\/media?parent=5803"}],"curies":[{"name":"wp","href":"https:\/\/api.w.org\/{rel}","templated":true}]}}